{"id":284,"date":"2023-03-19T15:41:27","date_gmt":"2023-03-19T14:41:27","guid":{"rendered":"https:\/\/fotowoltaika.domurat.pl\/?page_id=284"},"modified":"2023-03-19T15:41:28","modified_gmt":"2023-03-19T14:41:28","slug":"enex-2023-targi-kielce","status":"publish","type":"page","link":"https:\/\/fotowoltaika.domurat.pl\/?page_id=284","title":{"rendered":"Enex 2023 &#8211; targi Kielce"},"content":{"rendered":"\n<p>Hej! Chcieliby\u015bmy podzieli\u0107 si\u0119 z Wami wra\u017ceniami z naszego wyjazdu na targi energii odnawialnej ENEX w Kielcach. By\u0142a to niesamowita okazja, aby pozna\u0107 najnowsze trendy i technologie zwi\u0105zane z odnawialnymi \u017ar\u00f3d\u0142ami energii. <img loading=\"lazy\" decoding=\"async\" height=\"16\" width=\"16\" alt=\"\ud83c\udf1e\" src=\"https:\/\/static.xx.fbcdn.net\/images\/emoji.php\/v9\/t5f\/1\/16\/1f31e.png\"><img loading=\"lazy\" decoding=\"async\" height=\"16\" width=\"16\" alt=\"\ud83d\udca1\" src=\"https:\/\/static.xx.fbcdn.net\/images\/emoji.php\/v9\/t3c\/1\/16\/1f4a1.png\"><img loading=\"lazy\" decoding=\"async\" height=\"16\" width=\"16\" alt=\"\ud83c\udf3f\" src=\"https:\/\/static.xx.fbcdn.net\/images\/emoji.php\/v9\/t1e\/1\/16\/1f33f.png\"><\/p>\n\n\n\n<p>Na targach mieli\u015bmy okazj\u0119 zapozna\u0107 si\u0119 z szerokim wyborem produkt\u00f3w i rozwi\u0105za\u0144, takich jak panele s\u0142oneczne, magazyny energii, pompy ciep\u0142a, \u0142adowarki samochodowe, pojazdy elektryczne i wiele innych. <img loading=\"lazy\" decoding=\"async\" height=\"16\" width=\"16\" alt=\"\ud83d\udee3\ufe0f\" src=\"https:\/\/static.xx.fbcdn.net\/images\/emoji.php\/v9\/t3c\/1\/16\/1f6e3.png\"><img loading=\"lazy\" decoding=\"async\" height=\"16\" width=\"16\" alt=\"\ud83d\udd0c\" src=\"https:\/\/static.xx.fbcdn.net\/images\/emoji.php\/v9\/t40\/1\/16\/1f50c.png\"><img loading=\"lazy\" decoding=\"async\" height=\"16\" width=\"16\" alt=\"\ud83d\ude97\" src=\"https:\/\/static.xx.fbcdn.net\/images\/emoji.php\/v9\/tec\/1\/16\/1f697.png\"><\/p>\n\n\n\n<p>Cz\u0119\u015b\u0107 firm prezentowa\u0142a r\u00f3wnie\u017c nowe technologie, kt\u00f3re pozwalaj\u0105 na efektywniejsze wykorzystanie energii odnawialnej. <img loading=\"lazy\" decoding=\"async\" height=\"16\" width=\"16\" alt=\"\ud83e\udd16\" src=\"https:\/\/static.xx.fbcdn.net\/images\/emoji.php\/v9\/t36\/1\/16\/1f916.png\"><img loading=\"lazy\" decoding=\"async\" height=\"16\" width=\"16\" alt=\"\ud83d\udcbb\" src=\"https:\/\/static.xx.fbcdn.net\/images\/emoji.php\/v9\/t8c\/1\/16\/1f4bb.png\"><img loading=\"lazy\" decoding=\"async\" height=\"16\" width=\"16\" alt=\"\ud83d\udcc8\" src=\"https:\/\/static.xx.fbcdn.net\/images\/emoji.php\/v9\/t1\/1\/16\/1f4c8.png\"><\/p>\n\n\n\n<p>Naszym celem na targach by\u0142o przede wszystkim poszerzenie wiedzy i znalezienie najlepszych rozwi\u0105za\u0144 dla naszych klient\u00f3w. Cieszymy si\u0119, \u017ce mieli\u015bmy okazj\u0119 porozmawia\u0107 z wieloma specjalistami i ekspertami, kt\u00f3rzy pomogli nam w tej misji. <img loading=\"lazy\" decoding=\"async\" height=\"16\" width=\"16\" alt=\"\ud83e\udd1d\" src=\"https:\/\/static.xx.fbcdn.net\/images\/emoji.php\/v9\/t64\/1\/16\/1f91d.png\"><img loading=\"lazy\" decoding=\"async\" height=\"16\" width=\"16\" alt=\"\ud83d\udca1\" src=\"https:\/\/static.xx.fbcdn.net\/images\/emoji.php\/v9\/t3c\/1\/16\/1f4a1.png\"><img loading=\"lazy\" decoding=\"async\" height=\"16\" width=\"16\" alt=\"\ud83d\udcbc\" src=\"https:\/\/static.xx.fbcdn.net\/images\/emoji.php\/v9\/td\/1\/16\/1f4bc.png\"><\/p>\n\n\n\n<p>Podsumowuj\u0105c, wyjazd na targi energii odnawialnej ENEX w Kielcach by\u0142 dla nas niezwykle warto\u015bciowym do\u015bwiadczeniem. Dzi\u0119kujemy wszystkim firmom i osobom, kt\u00f3re po\u015bwi\u0119ci\u0142y czas, aby podzieli\u0107 si\u0119 z nami swoj\u0105 wiedz\u0105 i do\u015bwiadczeniem. Jeste\u015bmy pe\u0142ni zapa\u0142u, aby wykorzysta\u0107 zdobyt\u0105 wiedz\u0119 i pom\u00f3c naszym klientom w wykorzystaniu energii odnawialnej. <img loading=\"lazy\" decoding=\"async\" height=\"16\" width=\"16\" src=\"https:\/\/static.xx.fbcdn.net\/images\/emoji.php\/v9\/t6c\/1\/16\/1f4aa.png\" alt=\"\ud83d\udcaa\"><img loading=\"lazy\" decoding=\"async\" height=\"16\" width=\"16\" src=\"https:\/\/static.xx.fbcdn.net\/images\/emoji.php\/v9\/t1e\/1\/16\/1f33f.png\" alt=\"\ud83c\udf3f\"><img loading=\"lazy\" decoding=\"async\" height=\"16\" width=\"16\" src=\"https:\/\/static.xx.fbcdn.net\/images\/emoji.php\/v9\/t3c\/1\/16\/1f4a1.png\" alt=\"\ud83d\udca1\"><\/p>\n\n\n\n<figure class=\"wp-block-gallery has-nested-images columns-default is-cropped wp-block-gallery-1 is-layout-flex wp-block-gallery-is-layout-flex\">\n<figure class=\"wp-block-image size-large\"><img loading=\"lazy\" decoding=\"async\" width=\"1024\" height=\"576\" data-id=\"287\" src=\"\/wp-content\/uploads\/2023\/03\/WhatsApp-Image-2023-03-14-at-11.45.03-1-1024x576.jpeg\" alt=\"\" class=\"wp-image-287\" srcset=\"\/wp-content\/uploads\/2023\/03\/WhatsApp-Image-2023-03-14-at-11.45.03-1-1024x576.jpeg 1024w, \/wp-content\/uploads\/2023\/03\/WhatsApp-Image-2023-03-14-at-11.45.03-1-300x169.jpeg 300w, \/wp-content\/uploads\/2023\/03\/WhatsApp-Image-2023-03-14-at-11.45.03-1-768x432.jpeg 768w, \/wp-content\/uploads\/2023\/03\/WhatsApp-Image-2023-03-14-at-11.45.03-1-1536x864.jpeg 1536w, \/wp-content\/uploads\/2023\/03\/WhatsApp-Image-2023-03-14-at-11.45.03-1.jpeg 1600w\" sizes=\"auto, (max-width: 1024px) 100vw, 1024px\" \/><\/figure>\n\n\n\n<figure class=\"wp-block-image size-large\"><img loading=\"lazy\" decoding=\"async\" width=\"1024\" height=\"768\" data-id=\"285\" src=\"\/wp-content\/uploads\/2023\/03\/WhatsApp-Image-2023-03-14-at-11.45.03-1024x768.jpeg\" alt=\"\" class=\"wp-image-285\" srcset=\"\/wp-content\/uploads\/2023\/03\/WhatsApp-Image-2023-03-14-at-11.45.03-1024x768.jpeg 1024w, \/wp-content\/uploads\/2023\/03\/WhatsApp-Image-2023-03-14-at-11.45.03-300x225.jpeg 300w, \/wp-content\/uploads\/2023\/03\/WhatsApp-Image-2023-03-14-at-11.45.03-768x576.jpeg 768w, \/wp-content\/uploads\/2023\/03\/WhatsApp-Image-2023-03-14-at-11.45.03-1536x1152.jpeg 1536w, \/wp-content\/uploads\/2023\/03\/WhatsApp-Image-2023-03-14-at-11.45.03.jpeg 2000w\" sizes=\"auto, (max-width: 1024px) 100vw, 1024px\" \/><\/figure>\n\n\n\n<figure class=\"wp-block-image size-large\"><img loading=\"lazy\" decoding=\"async\" width=\"1024\" height=\"577\" data-id=\"288\" src=\"\/wp-content\/uploads\/2023\/03\/WhatsApp-Image-2023-03-14-at-11.45.04-1024x577.jpeg\" alt=\"\" class=\"wp-image-288\" srcset=\"\/wp-content\/uploads\/2023\/03\/WhatsApp-Image-2023-03-14-at-11.45.04-1024x577.jpeg 1024w, \/wp-content\/uploads\/2023\/03\/WhatsApp-Image-2023-03-14-at-11.45.04-300x169.jpeg 300w, \/wp-content\/uploads\/2023\/03\/WhatsApp-Image-2023-03-14-at-11.45.04-768x432.jpeg 768w, \/wp-content\/uploads\/2023\/03\/WhatsApp-Image-2023-03-14-at-11.45.04-1536x865.jpeg 1536w, \/wp-content\/uploads\/2023\/03\/WhatsApp-Image-2023-03-14-at-11.45.04.jpeg 2000w\" sizes=\"auto, (max-width: 1024px) 100vw, 1024px\" \/><\/figure>\n\n\n\n<figure class=\"wp-block-image size-large\"><img loading=\"lazy\" decoding=\"async\" width=\"1024\" height=\"768\" data-id=\"291\" src=\"\/wp-content\/uploads\/2023\/03\/WhatsApp-Image-2023-03-14-at-11.45.45-1024x768.jpeg\" alt=\"\" class=\"wp-image-291\" srcset=\"\/wp-content\/uploads\/2023\/03\/WhatsApp-Image-2023-03-14-at-11.45.45-1024x768.jpeg 1024w, \/wp-content\/uploads\/2023\/03\/WhatsApp-Image-2023-03-14-at-11.45.45-300x225.jpeg 300w, \/wp-content\/uploads\/2023\/03\/WhatsApp-Image-2023-03-14-at-11.45.45-768x576.jpeg 768w, \/wp-content\/uploads\/2023\/03\/WhatsApp-Image-2023-03-14-at-11.45.45-1536x1152.jpeg 1536w, \/wp-content\/uploads\/2023\/03\/WhatsApp-Image-2023-03-14-at-11.45.45.jpeg 2000w\" sizes=\"auto, (max-width: 1024px) 100vw, 1024px\" \/><\/figure>\n\n\n\n<figure class=\"wp-block-image size-large\"><img loading=\"lazy\" decoding=\"async\" width=\"1024\" height=\"577\" data-id=\"290\" src=\"\/wp-content\/uploads\/2023\/03\/WhatsApp-Image-2023-03-14-at-11.46.33-1024x577.jpeg\" alt=\"\" class=\"wp-image-290\" srcset=\"\/wp-content\/uploads\/2023\/03\/WhatsApp-Image-2023-03-14-at-11.46.33-1024x577.jpeg 1024w, \/wp-content\/uploads\/2023\/03\/WhatsApp-Image-2023-03-14-at-11.46.33-300x169.jpeg 300w, \/wp-content\/uploads\/2023\/03\/WhatsApp-Image-2023-03-14-at-11.46.33-768x432.jpeg 768w, \/wp-content\/uploads\/2023\/03\/WhatsApp-Image-2023-03-14-at-11.46.33-1536x865.jpeg 1536w, \/wp-content\/uploads\/2023\/03\/WhatsApp-Image-2023-03-14-at-11.46.33.jpeg 2000w\" sizes=\"auto, (max-width: 1024px) 100vw, 1024px\" \/><\/figure>\n\n\n\n<figure class=\"wp-block-image size-large\"><img loading=\"lazy\" decoding=\"async\" width=\"1024\" height=\"768\" data-id=\"289\" src=\"\/wp-content\/uploads\/2023\/03\/WhatsApp-Image-2023-03-14-at-11.451.03-1024x768.jpeg\" alt=\"\" class=\"wp-image-289\" srcset=\"\/wp-content\/uploads\/2023\/03\/WhatsApp-Image-2023-03-14-at-11.451.03-1024x768.jpeg 1024w, \/wp-content\/uploads\/2023\/03\/WhatsApp-Image-2023-03-14-at-11.451.03-300x225.jpeg 300w, \/wp-content\/uploads\/2023\/03\/WhatsApp-Image-2023-03-14-at-11.451.03-768x576.jpeg 768w, \/wp-content\/uploads\/2023\/03\/WhatsApp-Image-2023-03-14-at-11.451.03-1536x1152.jpeg 1536w, \/wp-content\/uploads\/2023\/03\/WhatsApp-Image-2023-03-14-at-11.451.03.jpeg 2000w\" sizes=\"auto, (max-width: 1024px) 100vw, 1024px\" \/><\/figure>\n\n\n\n<figure class=\"wp-block-image size-large\"><img loading=\"lazy\" decoding=\"async\" width=\"1024\" height=\"576\" data-id=\"286\" src=\"\/wp-content\/uploads\/2023\/03\/2-1024x576.jpeg\" alt=\"\" class=\"wp-image-286\" srcset=\"\/wp-content\/uploads\/2023\/03\/2-1024x576.jpeg 1024w, \/wp-content\/uploads\/2023\/03\/2-300x169.jpeg 300w, \/wp-content\/uploads\/2023\/03\/2-768x432.jpeg 768w, \/wp-content\/uploads\/2023\/03\/2-1536x864.jpeg 1536w, \/wp-content\/uploads\/2023\/03\/2.jpeg 1600w\" sizes=\"auto, (max-width: 1024px) 100vw, 1024px\" \/><\/figure>\n<\/figure>\n","protected":false},"excerpt":{"rendered":"<p>Hej! Chcieliby\u015bmy podzieli\u0107 si\u0119 z Wami wra\u017ceniami z naszego wyjazdu na targi energii odnawialnej ENEX w Kielcach. By\u0142a to niesamowita okazja, aby pozna\u0107 najnowsze trendy i technologie zwi\u0105zane z odnawialnymi \u017ar\u00f3d\u0142ami energii. Na targach mieli\u015bmy okazj\u0119 zapozna\u0107 si\u0119 z szerokim wyborem produkt\u00f3w i rozwi\u0105za\u0144, takich jak panele s\u0142oneczne, magazyny energii, pompy ciep\u0142a, \u0142adowarki samochodowe, pojazdy [&hellip;]<\/p>\n","protected":false},"author":1,"featured_media":0,"parent":0,"menu_order":0,"comment_status":"closed","ping_status":"closed","template":"","meta":{"footnotes":""},"class_list":["post-284","page","type-page","status-publish","hentry"],"_links":{"self":[{"href":"https:\/\/fotowoltaika.domurat.pl\/index.php?rest_route=\/wp\/v2\/pages\/284","targetHints":{"allow":["GET"]}}],"collection":[{"href":"https:\/\/fotowoltaika.domurat.pl\/index.php?rest_route=\/wp\/v2\/pages"}],"about":[{"href":"https:\/\/fotowoltaika.domurat.pl\/index.php?rest_route=\/wp\/v2\/types\/page"}],"author":[{"embeddable":true,"href":"https:\/\/fotowoltaika.domurat.pl\/index.php?rest_route=\/wp\/v2\/users\/1"}],"replies":[{"embeddable":true,"href":"https:\/\/fotowoltaika.domurat.pl\/index.php?rest_route=%2Fwp%2Fv2%2Fcomments&post=284"}],"version-history":[{"count":1,"href":"https:\/\/fotowoltaika.domurat.pl\/index.php?rest_route=\/wp\/v2\/pages\/284\/revisions"}],"predecessor-version":[{"id":292,"href":"https:\/\/fotowoltaika.domurat.pl\/index.php?rest_route=\/wp\/v2\/pages\/284\/revisions\/292"}],"wp:attachment":[{"href":"https:\/\/fotowoltaika.domurat.pl\/index.php?rest_route=%2Fwp%2Fv2%2Fmedia&parent=284"}],"curies":[{"name":"wp","href":"https:\/\/api.w.org\/{rel}","templated":true}]}}