{"id":259,"date":"2023-02-09T11:19:42","date_gmt":"2023-02-09T10:19:42","guid":{"rendered":"http:\/\/www.fotowoltaika.domurat.pl\/?page_id=259"},"modified":"2023-02-09T11:19:42","modified_gmt":"2023-02-09T10:19:42","slug":"wodzislaw-slaski-616-kwp","status":"publish","type":"page","link":"https:\/\/fotowoltaika.domurat.pl\/?page_id=259","title":{"rendered":"Wodzis\u0142aw \u015al\u0105ski 6,16 kWp"},"content":{"rendered":"\n<p>INWERTER SOFAR 8,8KTLX-G3<\/p>\n\n\n\n<p>MODU\u0141 PV RISEN RSM130-8-440M MONO HALF CUT<\/p>\n\n\n\n<figure class=\"wp-block-gallery has-nested-images columns-default is-cropped wp-block-gallery-1 is-layout-flex wp-block-gallery-is-layout-flex\">\n<figure class=\"wp-block-image size-large\"><img loading=\"lazy\" decoding=\"async\" width=\"1024\" height=\"768\" data-id=\"260\" src=\"http:\/\/www.fotowoltaika.domurat.pl\/wp-content\/uploads\/2023\/02\/1-1024x768.jpg\" alt=\"\" class=\"wp-image-260\" srcset=\"\/wp-content\/uploads\/2023\/02\/1-1024x768.jpg 1024w, \/wp-content\/uploads\/2023\/02\/1-300x225.jpg 300w, \/wp-content\/uploads\/2023\/02\/1-768x576.jpg 768w, \/wp-content\/uploads\/2023\/02\/1-1536x1152.jpg 1536w, \/wp-content\/uploads\/2023\/02\/1.jpg 1600w\" sizes=\"auto, (max-width: 1024px) 100vw, 1024px\" \/><\/figure>\n\n\n\n<figure class=\"wp-block-image size-large\"><img loading=\"lazy\" decoding=\"async\" width=\"1024\" height=\"768\" data-id=\"261\" src=\"http:\/\/www.fotowoltaika.domurat.pl\/wp-content\/uploads\/2023\/02\/2-1024x768.jpg\" alt=\"\" class=\"wp-image-261\" srcset=\"\/wp-content\/uploads\/2023\/02\/2-1024x768.jpg 1024w, \/wp-content\/uploads\/2023\/02\/2-300x225.jpg 300w, \/wp-content\/uploads\/2023\/02\/2-768x576.jpg 768w, \/wp-content\/uploads\/2023\/02\/2-1536x1152.jpg 1536w, \/wp-content\/uploads\/2023\/02\/2.jpg 1600w\" sizes=\"auto, (max-width: 1024px) 100vw, 1024px\" \/><\/figure>\n\n\n\n<figure class=\"wp-block-image size-large\"><img loading=\"lazy\" decoding=\"async\" width=\"768\" height=\"1024\" data-id=\"262\" src=\"http:\/\/www.fotowoltaika.domurat.pl\/wp-content\/uploads\/2023\/02\/3-768x1024.jpg\" alt=\"\" class=\"wp-image-262\" srcset=\"\/wp-content\/uploads\/2023\/02\/3-768x1024.jpg 768w, \/wp-content\/uploads\/2023\/02\/3-225x300.jpg 225w, \/wp-content\/uploads\/2023\/02\/3-1152x1536.jpg 1152w, \/wp-content\/uploads\/2023\/02\/3.jpg 1200w\" sizes=\"auto, (max-width: 768px) 100vw, 768px\" \/><\/figure>\n<\/figure>\n","protected":false},"excerpt":{"rendered":"<p>INWERTER SOFAR 8,8KTLX-G3 MODU\u0141 PV RISEN RSM130-8-440M MONO HALF CUT<\/p>\n","protected":false},"author":1,"featured_media":0,"parent":0,"menu_order":0,"comment_status":"closed","ping_status":"closed","template":"","meta":{"footnotes":""},"class_list":["post-259","page","type-page","status-publish","hentry"],"_links":{"self":[{"href":"https:\/\/fotowoltaika.domurat.pl\/index.php?rest_route=\/wp\/v2\/pages\/259","targetHints":{"allow":["GET"]}}],"collection":[{"href":"https:\/\/fotowoltaika.domurat.pl\/index.php?rest_route=\/wp\/v2\/pages"}],"about":[{"href":"https:\/\/fotowoltaika.domurat.pl\/index.php?rest_route=\/wp\/v2\/types\/page"}],"author":[{"embeddable":true,"href":"https:\/\/fotowoltaika.domurat.pl\/index.php?rest_route=\/wp\/v2\/users\/1"}],"replies":[{"embeddable":true,"href":"https:\/\/fotowoltaika.domurat.pl\/index.php?rest_route=%2Fwp%2Fv2%2Fcomments&post=259"}],"version-history":[{"count":1,"href":"https:\/\/fotowoltaika.domurat.pl\/index.php?rest_route=\/wp\/v2\/pages\/259\/revisions"}],"predecessor-version":[{"id":263,"href":"https:\/\/fotowoltaika.domurat.pl\/index.php?rest_route=\/wp\/v2\/pages\/259\/revisions\/263"}],"wp:attachment":[{"href":"https:\/\/fotowoltaika.domurat.pl\/index.php?rest_route=%2Fwp%2Fv2%2Fmedia&parent=259"}],"curies":[{"name":"wp","href":"https:\/\/api.w.org\/{rel}","templated":true}]}}